{"id":4309,"date":"2022-09-07T12:57:54","date_gmt":"2022-09-07T12:57:54","guid":{"rendered":"http:\/\/mindsoultrainer.com\/?page_id=4309"},"modified":"2024-11-15T17:42:28","modified_gmt":"2024-11-15T17:42:28","slug":"elementor-4309","status":"publish","type":"page","link":"https:\/\/mindsoultrainer.com\/","title":{"rendered":"Mind Soul Trainer"},"content":{"rendered":"<p><img loading=\"lazy\" decoding=\"async\" width=\"640\" height=\"303\" src=\"https:\/\/mindsoultrainer.com\/wp-content\/uploads\/2022\/08\/lands-1536x728.png\" alt=\"\" srcset=\"https:\/\/mindsoultrainer.com\/wp-content\/uploads\/2022\/08\/lands-1536x728.png 1536w, https:\/\/mindsoultrainer.com\/wp-content\/uploads\/2022\/08\/lands-300x142.png 300w, https:\/\/mindsoultrainer.com\/wp-content\/uploads\/2022\/08\/lands-1024x485.png 1024w, https:\/\/mindsoultrainer.com\/wp-content\/uploads\/2022\/08\/lands-768x364.png 768w, https:\/\/mindsoultrainer.com\/wp-content\/uploads\/2022\/08\/lands-2048x971.png 2048w, https:\/\/mindsoultrainer.com\/wp-content\/uploads\/2022\/08\/lands-1200x569.png 1200w\" sizes=\"auto, (max-width: 640px) 100vw, 640px\"  class=\"img-fluid\"\/>\t\t\t\t\t\t\t\t\t\t\t\t\t<\/p>\n<h2>Conte\u00fado<\/h2>\n<p>\t\t\t\t\t<a href=\"https:\/\/www.mindsoultrainer.com\/?page_id=4323\"><br \/>\n\t\t\t\t\t\tLideran\u00e7a, Prop\u00f3sito, Autoconhecimento<br \/>\n\t\t\t\t\t\tEntrar<br \/>\n\t\t\t\t\t\t<\/a><\/p>\n<h2>\u00daltimas Publica\u00e7\u00f5es<\/h2>\n","protected":false},"excerpt":{"rendered":"<p>Conte\u00fado Lideran\u00e7a, Prop\u00f3sito, Autoconhecimento Entrar \u00daltimas Publica\u00e7\u00f5es<\/p>\n","protected":false},"author":1,"featured_media":0,"parent":0,"menu_order":0,"comment_status":"closed","ping_status":"closed","template":"","meta":{"footnotes":""},"class_list":["post-4309","page","type-page","status-publish","hentry","no-thumbnail"],"_links":{"self":[{"href":"https:\/\/mindsoultrainer.com\/index.php?rest_route=\/wp\/v2\/pages\/4309","targetHints":{"allow":["GET"]}}],"collection":[{"href":"https:\/\/mindsoultrainer.com\/index.php?rest_route=\/wp\/v2\/pages"}],"about":[{"href":"https:\/\/mindsoultrainer.com\/index.php?rest_route=\/wp\/v2\/types\/page"}],"author":[{"embeddable":true,"href":"https:\/\/mindsoultrainer.com\/index.php?rest_route=\/wp\/v2\/users\/1"}],"replies":[{"embeddable":true,"href":"https:\/\/mindsoultrainer.com\/index.php?rest_route=%2Fwp%2Fv2%2Fcomments&post=4309"}],"version-history":[{"count":22,"href":"https:\/\/mindsoultrainer.com\/index.php?rest_route=\/wp\/v2\/pages\/4309\/revisions"}],"predecessor-version":[{"id":5126,"href":"https:\/\/mindsoultrainer.com\/index.php?rest_route=\/wp\/v2\/pages\/4309\/revisions\/5126"}],"wp:attachment":[{"href":"https:\/\/mindsoultrainer.com\/index.php?rest_route=%2Fwp%2Fv2%2Fmedia&parent=4309"}],"curies":[{"name":"wp","href":"https:\/\/api.w.org\/{rel}","templated":true}]}}